{"id":5,"date":"2022-07-11T19:45:12","date_gmt":"2022-07-11T17:45:12","guid":{"rendered":"http:\/\/m15trading.com\/?page_id=5"},"modified":"2022-07-14T00:26:49","modified_gmt":"2022-07-13T22:26:49","slug":"cryptos","status":"publish","type":"page","link":"https:\/\/m15trading.com\/index.php\/cryptos\/","title":{"rendered":"Cryptos"},"content":{"rendered":"<div data-colibri-id=\"5-c1\" class=\"style-249 style-local-5-c1 position-relative\">\n  <!---->\n  <div data-colibri-component=\"section\" data-colibri-id=\"5-c2\" id=\"overlappable\" class=\"h-section h-section-global-spacing d-flex align-items-lg-center align-items-md-center align-items-center style-254 style-local-5-c2 position-relative\">\n    <!---->\n    <!---->\n    <div class=\"h-section-grid-container h-section-boxed-container\">\n      <!---->\n      <div data-colibri-id=\"5-c3\" class=\"h-row-container gutters-row-lg-0 gutters-row-md-0 gutters-row-2 gutters-row-v-lg-0 gutters-row-v-md-0 gutters-row-v-2 style-255 style-local-5-c3 position-relative\">\n        <!---->\n        <div class=\"h-row justify-content-lg-center justify-content-md-center justify-content-center align-items-lg-stretch align-items-md-stretch align-items-stretch gutters-col-lg-0 gutters-col-md-0 gutters-col-2 gutters-col-v-lg-0 gutters-col-v-md-0 gutters-col-v-2\">\n          <!---->\n          <div class=\"h-column h-column-container d-flex h-col-lg-4 h-col-md-4 h-col-12 style-256-outer style-local-5-c4-outer\">\n            <div data-colibri-id=\"5-c4\" class=\"d-flex h-flex-basis h-column__inner h-px-lg-3 h-px-md-3 h-px-2 v-inner-lg-3 v-inner-md-3 v-inner-2 style-256 style-local-5-c4 position-relative\">\n              <!---->\n              <!---->\n              <div class=\"w-100 h-y-container h-column__content h-column__v-align flex-basis-100 align-self-lg-start align-self-md-start align-self-start\">\n                <!---->\n                <div data-colibri-id=\"5-c5\" class=\"h-icon style-257 style-local-5-c5 position-relative h-element\">\n                  <!----><span class=\"h-svg-icon h-icon__icon style-257-icon style-local-5-c5-icon\"><!--Icon by Font Awesome (https:\/\/fontawesome.com)--><svg version=\"1.1\" xmlns=\"http:\/\/www.w3.org\/2000\/svg\" xmlns:xlink=\"http:\/\/www.w3.org\/1999\/xlink\" id=\"bookmark-o\" viewBox=\"0 0 1397.9638 1896.0833\"><path d=\"M1152 256H128v1242l423-406 89-85 89 85 423 406V256zm12-128q23 0 44 9 33 13 52.5 41t19.5 62v1289q0 34-19.5 62t-52.5 41q-19 8-44 8-48 0-83-32l-441-424-441 424q-36 33-83 33-23 0-44-9-33-13-52.5-41T0 1529V240q0-34 19.5-62T72 137q21-9 44-9h1048z\"><\/path><\/svg><\/span><\/div>\n                <div\n                  data-colibri-id=\"5-c6\" class=\"h-global-transition-all h-heading style-258 style-local-5-c6 position-relative h-element\">\n                  <!---->\n                  <div class=\"h-heading__outer style-258 style-local-5-c6\">\n                    <!---->\n                    <!---->\n                    <h5 class=\"\">Formation<\/h5>\n                  <\/div>\n              <\/div>\n              <div data-colibri-id=\"5-c7\" class=\"h-text h-text-component style-259 style-local-5-c7 position-relative h-element\">\n                <!---->\n                <!---->\n                <div class=\"\">\n                  <ul>\n                    <li>Maitrise de la finance d\u00e9centralis\u00e9e<\/li>\n                    <li>Enjeu de la sph\u00e8re des cryptomonnaies<\/li>\n                    <li>Diversification de votre investissement<\/li>\n                    <li>Optimisez vos rendements sur la Blockchain<\/li>\n                  <\/ul>\n                <\/div>\n              <\/div>\n              <div data-colibri-id=\"5-c8\" class=\"h-x-container style-260 style-local-5-c8 position-relative h-element\">\n                <!---->\n                <div class=\"h-x-container-inner style-dynamic-5-c8-group style-260-spacing style-local-5-c8-spacing\"><span class=\"h-link__outer style-261-outer style-local-5-c9-outer d-inline-flex h-element\"><a h-use-smooth-scroll=\"true\" href=\"\"  data-colibri-id=\"5-c9\" class=\"d-flex w-100 align-items-center h-link style-261 style-local-5-c9 position-relative\"><!----><!----> <span>Me former<\/span>                  <span class=\"h-svg-icon h-link__icon style-261-icon style-local-5-c9-icon\"><!--Icon by Icons8 Line Awesome (https:\/\/icons8.com\/line-awesome)--><svg version=\"1.1\" xmlns=\"http:\/\/www.w3.org\/2000\/svg\" xmlns:xlink=\"http:\/\/www.w3.org\/1999\/xlink\" id=\"angle-double-right\" viewBox=\"0 0 512 545.5\"><path d=\"M145.5 108.5l168 168L325 288l-11.5 11.5-168 168-22.5-23L279.5 288 123 131.5zm112 0l168 168L437 288l-11.5 11.5-168 168-22.5-23L391.5 288 235 131.5z\"><\/path><\/svg><\/span><\/a>\n                  <\/span>\n                <\/div>\n              <\/div>\n            <\/div>\n          <\/div>\n        <\/div>\n        <div class=\"h-column h-column-container d-flex h-col-lg-4 h-col-md-4 h-col-12 style-256-outer style-local-5-c10-outer\">\n          <div data-colibri-id=\"5-c10\" class=\"d-flex h-flex-basis h-column__inner h-px-lg-3 h-px-md-3 h-px-2 v-inner-lg-3 v-inner-md-3 v-inner-2 style-256 style-local-5-c10 position-relative\">\n            <!---->\n            <!---->\n            <div class=\"w-100 h-y-container h-column__content h-column__v-align flex-basis-100 align-self-lg-start align-self-md-start align-self-start\">\n              <!---->\n              <div data-colibri-id=\"5-c11\" class=\"h-icon style-257 style-local-5-c11 position-relative h-element\">\n                <!----><span class=\"h-svg-icon h-icon__icon style-257-icon style-local-5-c11-icon\"><!--Icon by Font Awesome (https:\/\/fontawesome.com)--><svg version=\"1.1\" xmlns=\"http:\/\/www.w3.org\/2000\/svg\" xmlns:xlink=\"http:\/\/www.w3.org\/1999\/xlink\" id=\"gears\" viewBox=\"0 0 1920 1896.0833\"><path d=\"M896 896q0-106-75-181t-181-75-181 75-75 181 75 181 181 75 181-75 75-181zm768 512q0-52-38-90t-90-38-90 38-38 90q0 53 37.5 90.5t90.5 37.5 90.5-37.5 37.5-90.5zm0-1024q0-52-38-90t-90-38-90 38-38 90q0 53 37.5 90.5T1536 512t90.5-37.5T1664 384zm-384 421v185q0 10-7 19.5t-16 10.5l-155 24q-11 35-32 76 34 48 90 115 7 11 7 20 0 12-7 19-23 30-82.5 89.5T999 1423q-11 0-21-7l-115-90q-37 19-77 31-11 108-23 155-7 24-30 24H547q-11 0-20-7.5t-10-17.5l-23-153q-34-10-75-31l-118 89q-7 7-20 7-11 0-21-8-144-133-144-160 0-9 7-19 10-14 41-53t47-61q-23-44-35-82l-152-24q-10-1-17-9.5T0 987V802q0-10 7-19.5T23 772l155-24q11-35 32-76-34-48-90-115-7-11-7-20 0-12 7-20 22-30 82-89t79-59q11 0 21 7l115 90q34-18 77-32 11-108 23-154 7-24 30-24h186q11 0 20 7.5t10 17.5l23 153q34 10 75 31l118-89q8-7 20-7 11 0 21 8 144 133 144 160 0 8-7 19-12 16-42 54t-45 60q23 48 34 82l152 23q10 2 17 10.5t7 19.5zm640 533v140q0 16-149 31-12 27-30 52 51 113 51 138 0 4-4 7-122 71-124 71-8 0-46-47t-52-68q-20 2-30 2t-30-2q-14 21-52 68t-46 47q-2 0-124-71-4-3-4-7 0-25 51-138-18-25-30-52-149-15-149-31v-140q0-16 149-31 13-29 30-52-51-113-51-138 0-4 4-7 4-2 35-20t59-34 30-16q8 0 46 46.5t52 67.5q20-2 30-2t30 2q51-71 92-112l6-2q4 0 124 70 4 3 4 7 0 25-51 138 17 23 30 52 149 15 149 31zm0-1024v140q0 16-149 31-12 27-30 52 51 113 51 138 0 4-4 7-122 71-124 71-8 0-46-47t-52-68q-20 2-30 2t-30-2q-14 21-52 68t-46 47q-2 0-124-71-4-3-4-7 0-25 51-138-18-25-30-52-149-15-149-31V314q0-16 149-31 13-29 30-52-51-113-51-138 0-4 4-7 4-2 35-20t59-34 30-16q8 0 46 46.5t52 67.5q20-2 30-2t30 2q51-71 92-112l6-2q4 0 124 70 4 3 4 7 0 25-51 138 17 23 30 52 149 15 149 31z\"><\/path><\/svg><\/span><\/div>\n              <div\n                data-colibri-id=\"5-c12\" class=\"h-global-transition-all h-heading style-258 style-local-5-c12 position-relative h-element\">\n                <!---->\n                <div class=\"h-heading__outer style-258 style-local-5-c12\">\n                  <!---->\n                  <!---->\n                  <h5 class=\"\">Bot<\/h5>\n                <\/div>\n            <\/div>\n            <div data-colibri-id=\"5-c13\" class=\"h-text h-text-component style-259 style-local-5-c13 position-relative h-element\">\n              <!---->\n              <!---->\n              <div class=\"\">\n                <p>Strat\u00e9gie mise au point pour potentiellement r\u00e9aliser des profits m\u00eame en march\u00e9 baissier, ce bot exploite dans les cryptos une notion de finance centralis\u00e9e qui a d\u00e9j\u00e0 fait ses preuves.&nbsp;<\/p>\n              <\/div>\n            <\/div>\n            <div data-colibri-id=\"5-c14\" class=\"h-x-container style-260 style-local-5-c14 position-relative h-element\">\n              <!---->\n              <div class=\"h-x-container-inner style-dynamic-5-c14-group style-260-spacing style-local-5-c14-spacing\"><span class=\"h-link__outer style-261-outer style-local-5-c15-outer d-inline-flex h-element\"><a h-use-smooth-scroll=\"true\" href=\"\"  data-colibri-id=\"5-c15\" class=\"d-flex w-100 align-items-center h-link style-261 style-local-5-c15 position-relative\"><!----><!----> <span>En savoir plus<\/span>                <span class=\"h-svg-icon h-link__icon style-261-icon style-local-5-c15-icon\"><!--Icon by Icons8 Line Awesome (https:\/\/icons8.com\/line-awesome)--><svg version=\"1.1\" xmlns=\"http:\/\/www.w3.org\/2000\/svg\" xmlns:xlink=\"http:\/\/www.w3.org\/1999\/xlink\" id=\"angle-double-right\" viewBox=\"0 0 512 545.5\"><path d=\"M145.5 108.5l168 168L325 288l-11.5 11.5-168 168-22.5-23L279.5 288 123 131.5zm112 0l168 168L437 288l-11.5 11.5-168 168-22.5-23L391.5 288 235 131.5z\"><\/path><\/svg><\/span><\/a>\n                <\/span>\n              <\/div>\n            <\/div>\n          <\/div>\n        <\/div>\n      <\/div>\n      <div class=\"h-column h-column-container d-flex h-col-lg-4 h-col-md-4 h-col-12 style-256-outer style-local-5-c16-outer\">\n        <div data-colibri-id=\"5-c16\" class=\"d-flex h-flex-basis h-column__inner h-px-lg-3 h-px-md-3 h-px-2 v-inner-lg-3 v-inner-md-3 v-inner-2 style-256 style-local-5-c16 position-relative\">\n          <!---->\n          <!---->\n          <div class=\"w-100 h-y-container h-column__content h-column__v-align flex-basis-100 align-self-lg-start align-self-md-start align-self-start\">\n            <!---->\n            <div data-colibri-id=\"5-c17\" class=\"h-icon style-257 style-local-5-c17 position-relative h-element\">\n              <!----><span class=\"h-svg-icon h-icon__icon style-257-icon style-local-5-c17-icon\"><!--Icon by Font Awesome (https:\/\/fontawesome.com)--><svg version=\"1.1\" xmlns=\"http:\/\/www.w3.org\/2000\/svg\" xmlns:xlink=\"http:\/\/www.w3.org\/1999\/xlink\" id=\"video-camera\" viewBox=\"0 0 1792 1896.0833\"><path d=\"M1792 352v1088q0 42-39 59-13 5-25 5-27 0-45-19l-403-403v166q0 119-84.5 203.5T992 1536H288q-119 0-203.5-84.5T0 1248V544q0-119 84.5-203.5T288 256h704q119 0 203.5 84.5T1280 544v165l403-402q18-19 45-19 12 0 25 5 39 17 39 59z\"><\/path><\/svg><\/span><\/div>\n            <div\n              data-colibri-id=\"5-c18\" class=\"h-global-transition-all h-heading style-258 style-local-5-c18 position-relative h-element\">\n              <!---->\n              <div class=\"h-heading__outer style-258 style-local-5-c18\">\n                <!---->\n                <!---->\n                <h5 class=\"\">Vid\u00e9o<\/h5>\n              <\/div>\n          <\/div>\n          <div data-colibri-id=\"5-c19\" class=\"h-text h-text-component style-259 style-local-5-c19 position-relative h-element\">\n            <!---->\n            <!---->\n            <div class=\"\">\n              <p>Lorem ipsum dolor sit amet, consectetur adipiscing elit, sed do eiusmod tempor incididunt ut labore et dolore magna aliqua.&nbsp;<\/p>\n            <\/div>\n          <\/div>\n          <div data-colibri-id=\"5-c20\" class=\"h-x-container style-260 style-local-5-c20 position-relative h-element\">\n            <!---->\n            <div class=\"h-x-container-inner style-dynamic-5-c20-group style-260-spacing style-local-5-c20-spacing\"><span class=\"h-link__outer style-261-outer style-local-5-c21-outer d-inline-flex h-element\"><a h-use-smooth-scroll=\"true\" href=\"\"  data-colibri-id=\"5-c21\" class=\"d-flex w-100 align-items-center h-link style-261 style-local-5-c21 position-relative\"><!----><!----> <span>Read more<\/span>              <span class=\"h-svg-icon h-link__icon style-261-icon style-local-5-c21-icon\"><!--Icon by Icons8 Line Awesome (https:\/\/icons8.com\/line-awesome)--><svg version=\"1.1\" xmlns=\"http:\/\/www.w3.org\/2000\/svg\" xmlns:xlink=\"http:\/\/www.w3.org\/1999\/xlink\" id=\"angle-double-right\" viewBox=\"0 0 512 545.5\"><path d=\"M145.5 108.5l168 168L325 288l-11.5 11.5-168 168-22.5-23L279.5 288 123 131.5zm112 0l168 168L437 288l-11.5 11.5-168 168-22.5-23L391.5 288 235 131.5z\"><\/path><\/svg><\/span><\/a>\n              <\/span>\n            <\/div>\n          <\/div>\n        <\/div>\n      <\/div>\n    <\/div>\n  <\/div>\n<\/div>\n<\/div>\n<\/div>\n<div data-colibri-component=\"section\" data-colibri-id=\"5-c22\" id=\"custom\" class=\"h-section h-section-global-spacing d-flex align-items-lg-center align-items-md-center align-items-center style-262 style-local-5-c22 position-relative\">\n  <!---->\n  <!---->\n  <div class=\"h-section-grid-container h-section-boxed-container\">\n    <!---->\n    <div data-colibri-id=\"5-c23\" class=\"h-row-container gutters-row-lg-2 gutters-row-md-2 gutters-row-0 gutters-row-v-lg-2 gutters-row-v-md-2 gutters-row-v-2 style-263 style-local-5-c23 position-relative\">\n      <!---->\n      <div class=\"h-row justify-content-lg-center justify-content-md-center justify-content-center align-items-lg-stretch align-items-md-stretch align-items-stretch gutters-col-lg-2 gutters-col-md-2 gutters-col-0 gutters-col-v-lg-2 gutters-col-v-md-2 gutters-col-v-2\">\n        <!---->\n        <div class=\"h-column h-column-container d-flex h-col-lg-auto h-col-md-auto h-col-auto style-264-outer style-local-5-c24-outer\">\n          <div data-colibri-id=\"5-c24\" class=\"d-flex h-flex-basis h-column__inner h-ui-empty-state-container h-px-lg-2 h-px-md-2 h-px-2 v-inner-lg-2 v-inner-md-2 v-inner-2 style-264 style-local-5-c24 position-relative\">\n            <!---->\n            <!---->\n            <div class=\"w-100 h-y-container h-column__content h-column__v-align flex-basis-100\">\n              <!---->\n            <\/div>\n          <\/div>\n        <\/div>\n      <\/div>\n    <\/div>\n  <\/div>\n<\/div>\n<\/div>","protected":false},"excerpt":{"rendered":"<p>Formation Maitrise de la finance d\u00e9centralis\u00e9e Enjeu de la sph\u00e8re des cryptomonnaies Diversification de votre investissement Optimisez vos rendements sur la Blockchain Me former Bot Strat\u00e9gie mise au point pour potentiellement r\u00e9aliser des profits m\u00eame en march\u00e9 baissier, ce bot exploite dans les cryptos une notion de finance centralis\u00e9e qui a d\u00e9j\u00e0 fait ses preuves.&nbsp; [&hellip;]<\/p>\n","protected":false},"author":1,"featured_media":0,"parent":0,"menu_order":0,"comment_status":"closed","ping_status":"closed","template":"page-templates\/full-width-page.php","meta":{"footnotes":""},"class_list":["post-5","page","type-page","status-publish","hentry"],"_links":{"self":[{"href":"https:\/\/m15trading.com\/index.php\/wp-json\/wp\/v2\/pages\/5","targetHints":{"allow":["GET"]}}],"collection":[{"href":"https:\/\/m15trading.com\/index.php\/wp-json\/wp\/v2\/pages"}],"about":[{"href":"https:\/\/m15trading.com\/index.php\/wp-json\/wp\/v2\/types\/page"}],"author":[{"embeddable":true,"href":"https:\/\/m15trading.com\/index.php\/wp-json\/wp\/v2\/users\/1"}],"replies":[{"embeddable":true,"href":"https:\/\/m15trading.com\/index.php\/wp-json\/wp\/v2\/comments?post=5"}],"version-history":[{"count":7,"href":"https:\/\/m15trading.com\/index.php\/wp-json\/wp\/v2\/pages\/5\/revisions"}],"predecessor-version":[{"id":406,"href":"https:\/\/m15trading.com\/index.php\/wp-json\/wp\/v2\/pages\/5\/revisions\/406"}],"wp:attachment":[{"href":"https:\/\/m15trading.com\/index.php\/wp-json\/wp\/v2\/media?parent=5"}],"curies":[{"name":"wp","href":"https:\/\/api.w.org\/{rel}","templated":true}]}}